{"id":50,"date":"2022-09-01T08:33:16","date_gmt":"2022-09-01T06:33:16","guid":{"rendered":"https:\/\/stantontaxis.at\/se\/?page_id=50"},"modified":"2022-09-01T08:50:58","modified_gmt":"2022-09-01T06:50:58","slug":"integritetspolicy","status":"publish","type":"page","link":"https:\/\/stantontaxis.at\/se\/integritetspolicy\/","title":{"rendered":"INTEGRITETSPOLICY"},"content":{"rendered":"<div id='av_section_1'  class='avia-section av-1ms5y-652800be1eca5681494c5e50823656be main_color avia-section-default avia-no-border-styling  avia-builder-el-0  avia-builder-el-no-sibling  avia-bg-style-scroll container_wrap fullsize'  ><div class='container av-section-cont-open' ><main  role=\"main\" itemprop=\"mainContentOfPage\"  class='template-page content  av-content-full alpha units'><div class='post-entry post-entry-type-page post-entry-50'><div class='entry-content-wrapper clearfix'>\n<div class='flex_column av-w7ga-6f69e6bcb1d224decc67a84fd550118a av_one_full  avia-builder-el-1  avia-builder-el-no-sibling  first flex_column_div '     ><section  class='av_textblock_section av-l7io7rh0-5d30f8c4b240e12cf63a7760bce5d617'  itemscope=\"itemscope\" itemtype=\"https:\/\/schema.org\/CreativeWork\" ><div class='avia_textblock'  itemprop=\"text\" ><p>Vilka vi \u00e4r<\/p>\n<p>F\u00f6reslagen text: V\u00e5r webbadress \u00e4r: https:\/\/stantontaxis.at.<\/p>\n<p>Kommentarer<\/p>\n<p>F\u00f6reslagen text: N\u00e4r bes\u00f6kare l\u00e4mnar kommentarer p\u00e5 webbplatsen samlar vi in \u200b\u200bdata som visas i kommentarsformul\u00e4ret, och \u00e4ven bes\u00f6karens IP-adress och webbl\u00e4saranv\u00e4ndaragentstr\u00e4ng f\u00f6r att hj\u00e4lpa till att uppt\u00e4cka skr\u00e4ppost.<\/p>\n<p>En anonymiserad str\u00e4ng skapad fr\u00e5n din e-postadress (\u00e4ven kallad en hash) kan tillhandah\u00e5llas Gravatar-tj\u00e4nsten f\u00f6r att se om du anv\u00e4nder den. Gravatar-tj\u00e4nstens sekretesspolicy \u00e4r tillg\u00e4nglig h\u00e4r: https:\/\/automattic.com\/privacy\/. Efter godk\u00e4nnande av din kommentar \u00e4r din profilbild synlig f\u00f6r allm\u00e4nheten i samband med din kommentar.<\/p>\n<p>Media<\/p>\n<p>F\u00f6reslagen text: Om du laddar upp bilder till webbplatsen b\u00f6r du undvika att ladda upp bilder med inb\u00e4ddad platsdata (EXIF GPS) inkluderad. Bes\u00f6kare p\u00e5 webbplatsen kan ladda ner och extrahera all platsdata fr\u00e5n bilder p\u00e5 webbplatsen.<\/p>\n<p>Sm\u00e5kakor<\/p>\n<p>F\u00f6reslagen text: Om du l\u00e4mnar en kommentar p\u00e5 v\u00e5r webbplats kan du v\u00e4lja att spara ditt namn, din e-postadress och din webbplats i cookies. Dessa \u00e4r till f\u00f6r din bekv\u00e4mlighet s\u00e5 att du inte beh\u00f6ver fylla i dina uppgifter igen n\u00e4r du l\u00e4mnar en annan kommentar. Dessa cookies kommer att h\u00e5lla i ett \u00e5r.<\/p>\n<p>Om du bes\u00f6ker v\u00e5r inloggningssida kommer vi att st\u00e4lla in en tillf\u00e4llig cookie f\u00f6r att avg\u00f6ra om din webbl\u00e4sare accepterar cookies. Denna cookie inneh\u00e5ller inga personuppgifter och kasseras n\u00e4r du st\u00e4nger din webbl\u00e4sare.<\/p>\n<p>N\u00e4r du loggar in kommer vi ocks\u00e5 att skapa flera cookies f\u00f6r att spara din inloggningsinformation och dina sk\u00e4rmvisningsval. Inloggningscookies varar i tv\u00e5 dagar och sk\u00e4rmalternativcookies varar i ett \u00e5r. Om du v\u00e4ljer &#8221;Kom ih\u00e5g mig&#8221;, kommer din inloggning att forts\u00e4tta i tv\u00e5 veckor. Om du loggar ut fr\u00e5n ditt konto kommer inloggningscookies att tas bort.<\/p>\n<p>Om du redigerar eller publicerar en artikel kommer ytterligare en cookie att sparas i din webbl\u00e4sare. Denna cookie inneh\u00e5ller inga personliga uppgifter och anger helt enkelt post-ID f\u00f6r artikeln du just redigerade. Det upph\u00f6r att g\u00e4lla efter 1 dag.<\/p>\n<p>Inb\u00e4ddat inneh\u00e5ll fr\u00e5n andra webbplatser<\/p>\n<p>F\u00f6reslagen text: Artiklar p\u00e5 den h\u00e4r webbplatsen kan inneh\u00e5lla inb\u00e4ddat inneh\u00e5ll (t.ex. videor, bilder, artiklar, etc.). Inb\u00e4ddat inneh\u00e5ll fr\u00e5n andra webbplatser beter sig p\u00e5 exakt samma s\u00e4tt som om bes\u00f6karen har bes\u00f6kt den andra webbplatsen.<\/p>\n<p>Dessa webbplatser kan samla in data om dig, anv\u00e4nda cookies, b\u00e4dda in ytterligare sp\u00e5rning fr\u00e5n tredje part och \u00f6vervaka din interaktion med det inb\u00e4ddade inneh\u00e5llet, inklusive sp\u00e5rning av din interaktion med det inb\u00e4ddade inneh\u00e5llet om du har ett konto och \u00e4r inloggad p\u00e5 den webbplatsen.<\/p>\n<p>Vem vi delar din data med<\/p>\n<p>F\u00f6reslagen text: Om du beg\u00e4r en l\u00f6senords\u00e5terst\u00e4llning kommer din IP-adress att inkluderas i \u00e5terst\u00e4llningsmailet.<\/p>\n<p>Hur l\u00e4nge vi beh\u00e5ller dina uppgifter<\/p>\n<p>F\u00f6reslagen text: Om du l\u00e4mnar en kommentar bevaras kommentaren och dess metadata p\u00e5 obest\u00e4md tid. Detta f\u00f6r att vi ska kunna k\u00e4nna igen och godk\u00e4nna eventuella uppf\u00f6ljningskommentarer automatiskt ist\u00e4llet f\u00f6r att h\u00e5lla dem i en modereringsk\u00f6.<\/p>\n<p>F\u00f6r anv\u00e4ndare som registrerar sig p\u00e5 v\u00e5r webbplats (om n\u00e5gon) lagrar vi \u00e4ven den personliga information de tillhandah\u00e5ller i sin anv\u00e4ndarprofil. Alla anv\u00e4ndare kan se, redigera eller radera sin personliga information n\u00e4r som helst (f\u00f6rutom att de inte kan \u00e4ndra sitt anv\u00e4ndarnamn). Webbplatsadministrat\u00f6rer kan ocks\u00e5 se och redigera den informationen.<\/p>\n<p>Vilka r\u00e4ttigheter du har \u00f6ver dina uppgifter<\/p>\n<p>F\u00f6reslagen text: Om du har ett konto p\u00e5 den h\u00e4r webbplatsen, eller har l\u00e4mnat kommentarer, kan du beg\u00e4ra att f\u00e5 en exporterad fil med de personuppgifter vi har om dig, inklusive alla uppgifter du har l\u00e4mnat till oss. Du kan ocks\u00e5 beg\u00e4ra att vi raderar alla personuppgifter vi har om dig. Detta inkluderar inte n\u00e5gra uppgifter som vi \u00e4r skyldiga att beh\u00e5lla f\u00f6r administrativa, juridiska eller s\u00e4kerhets\u00e4ndam\u00e5l.<\/p>\n<p>Ditt din data skickas<\/p>\n<p>F\u00f6reslagen text: Bes\u00f6karkommentarer kan kontrolleras via en automatisk spamdetekteringstj\u00e4nst.<\/p>\n<p>Denna webbplats drivs av stantontaxis.at. Detta meddelande beskriver hur vi som dataskyddsombud behandlar dina personuppgifter i samband med denna webbplats.<\/p>\n<p>Inledning<br \/>\nSkyddet av dina personuppgifter \u00e4r mycket viktigt f\u00f6r oss. D\u00e4rf\u00f6r behandlar vi dina uppgifter uteslutande p\u00e5 grundval av de juridiska tillst\u00e5nden (GDPR, DSG, TKG, ECG). I denna integritetspolicy informerar vi dig om de viktigaste aspekterna av databehandling inom ramen f\u00f6r v\u00e5r webbplats. Vi anv\u00e4nder eller behandlar endast data som \u00e4r absolut n\u00f6dv\u00e4ndiga f\u00f6r att kunna tillhandah\u00e5lla dig v\u00e5ra tj\u00e4nster.<\/p>\n<p>1. Vilka uppgifter vi behandlar om dig<br \/>\nUnder dina bes\u00f6k p\u00e5 v\u00e5r webbplats samlar vi in \u200b\u200bf\u00f6ljande information: Datum och tid f\u00f6r samtal till v\u00e5r webbplats, f\u00f6rnamn, efternamn, e-postadress, telefonnummer, betalningsmetod, h\u00e4mtningstid och h\u00e4mtningsplats, som beskrivs i punkt 2. Cookies och den information du l\u00e4mnar i f\u00e4ltet Anteckningar. Det finns ingen skyldighet att noggrant avsl\u00f6ja all information som vi ber dig att tillhandah\u00e5lla p\u00e5 v\u00e5r webbplats. Om du inte g\u00f6r detta kan du inte anv\u00e4nda alla funktioner p\u00e5 webbplatsen eller best\u00e4lla en \u00e5ktur.<\/p>\n<p>2. Cookies<br \/>\nS\u00e5 kallade cookies anv\u00e4nds p\u00e5 denna webbplats. En cookie \u00e4r en liten fil som kan lagras p\u00e5 din dator n\u00e4r du bes\u00f6ker en webbplats. Vi anv\u00e4nder endast cookies p\u00e5 v\u00e5r webbplats som \u00e4r n\u00f6dv\u00e4ndiga f\u00f6r en best\u00e4llning och. Dessa s\u00e5 kallade &#8221;sessions&#8221;-cookies finns kvar i din webbl\u00e4sare s\u00e5 l\u00e4nge du \u00e4r p\u00e5 v\u00e5r webbplats och raderas omedelbart fr\u00e5n din webbl\u00e4sare efter att du l\u00e4mnar v\u00e5r webbplats.<\/p>\n<p>3. Syfte med databehandling<br \/>\nVi verifierar dina personuppgifter f\u00f6r f\u00f6ljande \u00e4ndam\u00e5l:<br \/>\natt behandla best\u00e4llningar fr\u00e5n dig effektivt; att tillhandah\u00e5lla denna webbplats till dig och f\u00f6r att ytterligare kontrollera och utveckla denna webbplats; att k\u00e4nna igen, f\u00f6rhindra och unders\u00f6ka attacker p\u00e5 v\u00e5r webbplats<\/p>\n<p>4. R\u00e4ttslig grund<br \/>\nDen r\u00e4ttsliga grunden f\u00f6r behandlingen av dina personuppgifter \u00e4r utf\u00f6randet av pre-kontraktuella eller avtalsenliga tj\u00e4nster.<\/p>\n<p>5. \u00d6verf\u00f6ring av dina personuppgifter<br \/>\nF\u00f6r ovanst\u00e5ende \u00e4ndam\u00e5l kommer vi att skicka din h\u00e4lsoinformation till f\u00f6ljande mottagare. F\u00f6retagare eller chauff\u00f6rer som anf\u00f6rtrotts oss som f\u00e5r betalt f\u00f6r att k\u00f6ra resan; Vi anv\u00e4nder oss av IT-tj\u00e4nsteleverant\u00f6rer.<\/p>\n<p>6. Lagringstid<br \/>\nVi lagrar dina uppgifter fram till slutet av avtalsf\u00f6rh\u00e5llandet och ut\u00f6ver de lagstadgade utst\u00e4llningsperioderna eller s\u00e5 l\u00e4nge som juridiska anspr\u00e5k fr\u00e5n avtalsf\u00f6rh\u00e5llandet finns.<\/p>\n<p>7. Dina r\u00e4ttigheter i f\u00f6rh\u00e5llande till personuppgifter<br \/>\nDu har bland annat r\u00e4tt 1. att ta reda p\u00e5 om och vilka personuppgifter vi har om dig och att f\u00e5 kopior av dessa uppgifter, 2. lagligheten, till\u00e4gg eller radering av dina felaktiga eller felaktigt relaterade personuppgifter med lagen 3 . att kr\u00e4va att vi begr\u00e4nsar behandlingen av dina personuppgifter och 4. att inv\u00e4nda mot behandlingen av dina personuppgifter under vissa omst\u00e4ndigheter eller att \u00e5terkalla samtycke till behandling, 5. att beg\u00e4ra dataportabilitet, 6. identiteten p\u00e5 tredje parter till vilka dina personuppgifter delas Datan \u00f6verf\u00f6rs f\u00f6r att meddela och 7:e f\u00f6r att klaga till myndigheten.<\/p>\n<p>8. Anv\u00e4nd kontaktuppgifter<br \/>\nOm du har n\u00e5gra fr\u00e5gor eller funderingar ang\u00e5ende behandlingen av dina personuppgifter, v\u00e4nligen kontakta oss:<\/p>\n<p>STANTON TAXI<br \/>\nSt Jakober Dorfstrasse 77<br \/>\n6580 St Anton am Arlberg<br \/>\nTyrolen \/ \u00d6sterrike<br \/>\n+436649306626<br \/>\ninfo@stantontaxis.at<\/p>\n<p>\u00a9 stantontaxi.at \/ 2011 \u2013 2022<\/p>\n<\/div><\/section><\/div>\n","protected":false},"excerpt":{"rendered":"","protected":false},"author":1,"featured_media":0,"parent":0,"menu_order":0,"comment_status":"closed","ping_status":"closed","template":"","meta":{"footnotes":""},"class_list":["post-50","page","type-page","status-publish","hentry"],"yoast_head":"<!-- This site is optimized with the Yoast SEO plugin v19.10 - https:\/\/yoast.com\/wordpress\/plugins\/seo\/ -->\n<title>Integritetspolicy | Taxi St Anton am Arlberg| St Anton taxis | stantontaxis.at\/se<\/title>\n<meta name=\"robots\" content=\"noindex, nofollow\" \/>\n<meta property=\"og:locale\" content=\"sv_SE\" \/>\n<meta property=\"og:type\" content=\"article\" \/>\n<meta property=\"og:title\" content=\"Integritetspolicy | Taxi St Anton am Arlberg| St Anton taxis | stantontaxis.at\/se\" \/>\n<meta property=\"og:url\" content=\"https:\/\/stantontaxis.at\/se\/integritetspolicy\/\" \/>\n<meta property=\"og:site_name\" content=\"Taxi St Anton am Arlberg - St Anton taxi service - stantontaxis.at\/se- swenska\" \/>\n<meta property=\"article:modified_time\" content=\"2022-09-01T06:50:58+00:00\" \/>\n<meta name=\"twitter:card\" content=\"summary_large_image\" \/>\n<meta name=\"twitter:label1\" content=\"Ber\u00e4knad l\u00e4stid\" \/>\n\t<meta name=\"twitter:data1\" content=\"8 minuter\" \/>\n<script type=\"application\/ld+json\" class=\"yoast-schema-graph\">{\"@context\":\"https:\/\/schema.org\",\"@graph\":[{\"@type\":\"WebPage\",\"@id\":\"https:\/\/stantontaxis.at\/se\/integritetspolicy\/\",\"url\":\"https:\/\/stantontaxis.at\/se\/integritetspolicy\/\",\"name\":\"Integritetspolicy | Taxi St Anton am Arlberg| St Anton taxis | stantontaxis.at\/se\",\"isPartOf\":{\"@id\":\"https:\/\/stantontaxis.at\/se\/#website\"},\"datePublished\":\"2022-09-01T06:33:16+00:00\",\"dateModified\":\"2022-09-01T06:50:58+00:00\",\"breadcrumb\":{\"@id\":\"https:\/\/stantontaxis.at\/se\/integritetspolicy\/#breadcrumb\"},\"inLanguage\":\"sv-SE\",\"potentialAction\":[{\"@type\":\"ReadAction\",\"target\":[\"https:\/\/stantontaxis.at\/se\/integritetspolicy\/\"]}]},{\"@type\":\"BreadcrumbList\",\"@id\":\"https:\/\/stantontaxis.at\/se\/integritetspolicy\/#breadcrumb\",\"itemListElement\":[{\"@type\":\"ListItem\",\"position\":1,\"name\":\"Home\",\"item\":\"https:\/\/stantontaxis.at\/se\/\"},{\"@type\":\"ListItem\",\"position\":2,\"name\":\"INTEGRITETSPOLICY\"}]},{\"@type\":\"WebSite\",\"@id\":\"https:\/\/stantontaxis.at\/se\/#website\",\"url\":\"https:\/\/stantontaxis.at\/se\/\",\"name\":\"Taxi St Anton am Arlberg - St Anton taxi service - stantontaxis.at\/se- swenska\",\"description\":\"\",\"potentialAction\":[{\"@type\":\"SearchAction\",\"target\":{\"@type\":\"EntryPoint\",\"urlTemplate\":\"https:\/\/stantontaxis.at\/se\/?s={search_term_string}\"},\"query-input\":\"required name=search_term_string\"}],\"inLanguage\":\"sv-SE\"}]}<\/script>\n<!-- \/ Yoast SEO plugin. -->","yoast_head_json":{"title":"Integritetspolicy | Taxi St Anton am Arlberg| St Anton taxis | stantontaxis.at\/se","robots":{"index":"noindex","follow":"nofollow"},"og_locale":"sv_SE","og_type":"article","og_title":"Integritetspolicy | Taxi St Anton am Arlberg| St Anton taxis | stantontaxis.at\/se","og_url":"https:\/\/stantontaxis.at\/se\/integritetspolicy\/","og_site_name":"Taxi St Anton am Arlberg - St Anton taxi service - stantontaxis.at\/se- swenska","article_modified_time":"2022-09-01T06:50:58+00:00","twitter_card":"summary_large_image","twitter_misc":{"Ber\u00e4knad l\u00e4stid":"8 minuter"},"schema":{"@context":"https:\/\/schema.org","@graph":[{"@type":"WebPage","@id":"https:\/\/stantontaxis.at\/se\/integritetspolicy\/","url":"https:\/\/stantontaxis.at\/se\/integritetspolicy\/","name":"Integritetspolicy | Taxi St Anton am Arlberg| St Anton taxis | stantontaxis.at\/se","isPartOf":{"@id":"https:\/\/stantontaxis.at\/se\/#website"},"datePublished":"2022-09-01T06:33:16+00:00","dateModified":"2022-09-01T06:50:58+00:00","breadcrumb":{"@id":"https:\/\/stantontaxis.at\/se\/integritetspolicy\/#breadcrumb"},"inLanguage":"sv-SE","potentialAction":[{"@type":"ReadAction","target":["https:\/\/stantontaxis.at\/se\/integritetspolicy\/"]}]},{"@type":"BreadcrumbList","@id":"https:\/\/stantontaxis.at\/se\/integritetspolicy\/#breadcrumb","itemListElement":[{"@type":"ListItem","position":1,"name":"Home","item":"https:\/\/stantontaxis.at\/se\/"},{"@type":"ListItem","position":2,"name":"INTEGRITETSPOLICY"}]},{"@type":"WebSite","@id":"https:\/\/stantontaxis.at\/se\/#website","url":"https:\/\/stantontaxis.at\/se\/","name":"Taxi St Anton am Arlberg - St Anton taxi service - stantontaxis.at\/se- swenska","description":"","potentialAction":[{"@type":"SearchAction","target":{"@type":"EntryPoint","urlTemplate":"https:\/\/stantontaxis.at\/se\/?s={search_term_string}"},"query-input":"required name=search_term_string"}],"inLanguage":"sv-SE"}]}},"_links":{"self":[{"href":"https:\/\/stantontaxis.at\/se\/wp-json\/wp\/v2\/pages\/50","targetHints":{"allow":["GET"]}}],"collection":[{"href":"https:\/\/stantontaxis.at\/se\/wp-json\/wp\/v2\/pages"}],"about":[{"href":"https:\/\/stantontaxis.at\/se\/wp-json\/wp\/v2\/types\/page"}],"author":[{"embeddable":true,"href":"https:\/\/stantontaxis.at\/se\/wp-json\/wp\/v2\/users\/1"}],"replies":[{"embeddable":true,"href":"https:\/\/stantontaxis.at\/se\/wp-json\/wp\/v2\/comments?post=50"}],"version-history":[{"count":2,"href":"https:\/\/stantontaxis.at\/se\/wp-json\/wp\/v2\/pages\/50\/revisions"}],"predecessor-version":[{"id":55,"href":"https:\/\/stantontaxis.at\/se\/wp-json\/wp\/v2\/pages\/50\/revisions\/55"}],"wp:attachment":[{"href":"https:\/\/stantontaxis.at\/se\/wp-json\/wp\/v2\/media?parent=50"}],"curies":[{"name":"wp","href":"https:\/\/api.w.org\/{rel}","templated":true}]}}