{"id":48,"date":"2022-09-01T08:26:10","date_gmt":"2022-09-01T06:26:10","guid":{"rendered":"https:\/\/stantontaxis.at\/se\/?page_id=48"},"modified":"2022-09-01T08:48:30","modified_gmt":"2022-09-01T06:48:30","slug":"allmaenna-villkor","status":"publish","type":"page","link":"https:\/\/stantontaxis.at\/se\/allmaenna-villkor\/","title":{"rendered":"Allm\u00e4nna villkor"},"content":{"rendered":"<div id='av_section_1'  class='avia-section av-1hnwk-ac47fc234299b95b631abd563019df74 main_color avia-section-default avia-no-border-styling  avia-builder-el-0  avia-builder-el-no-sibling  avia-bg-style-scroll container_wrap fullsize'  ><div class='container av-section-cont-open' ><main  role=\"main\" itemprop=\"mainContentOfPage\"  class='template-page content  av-content-full alpha units'><div class='post-entry post-entry-type-page post-entry-48'><div class='entry-content-wrapper clearfix'>\n<div class='flex_column av-ywr0-e0b5310d756e1142d786077c3c904e1e av_one_full  avia-builder-el-1  avia-builder-el-no-sibling  first flex_column_div '     ><section  class='av_textblock_section av-l7invtjb-283478955523b549005adcf098a763ee'  itemscope=\"itemscope\" itemtype=\"https:\/\/schema.org\/CreativeWork\" ><div class='avia_textblock'  itemprop=\"text\" ><h2>Allm\u00e4nna villkor<\/h2>\n<p>Bokningar<br \/>\nVi accepterar bokningar upp till 2 timmar f\u00f6re \u00f6nskat \u00f6verf\u00f6ringsdatum. Kontakta oss per telefon f\u00f6r bokningar av transfer i sista minuten. Avbokningar och \u00e4ndringar av bokningen m\u00e5ste g\u00f6ras 12 timmar innan din ankomst.<\/p>\n<p>Betalningar<br \/>\nDu kan betala kontant direkt till f\u00f6raren. Betalningar till f\u00f6raren ska g\u00f6ras kontant vid ankomst till destinationen. Vid avresa, v\u00e4nligen betala det totala beloppet vid ankomst till destinationen. Huvudbokningsnamnet ansvarar f\u00f6r slutbetalningen.<\/p>\n<p>Avbokningar<br \/>\nAlla avbokningsf\u00f6rfr\u00e5gningar m\u00e5ste tas emot skriftligen till v\u00e5r e-postadress info@stantontaxis.at minst 24 timmar f\u00f6re dagen f\u00f6r din f\u00f6rsta planerade \u00f6verf\u00f6ring. Avbokningar som uppfyller ovanst\u00e5ende villkor kommer att \u00e5terbetalas med samma betalningsmetod och valuta som anv\u00e4ndes vid k\u00f6ptillf\u00e4llet. Avbokningar som g\u00f6rs mindre \u00e4n 12 timmar f\u00f6re den schemalagda \u00f6verf\u00f6ringstiden som visas p\u00e5 din bokningskupong \u00e4r INTE f\u00f6rem\u00e5l f\u00f6r retur.<\/p>\n<p>Bagage<br \/>\nVi transporterar upp till tv\u00e5 stycken bagage per person, eventuellt extra eller specialbagage. (Snowboard, skidor etc.) ska anges vid bokning. Vi kan inte h\u00e5llas ansvariga f\u00f6r att transportera odeklarerat extra bagage.<\/p>\n<p>F\u00f6rs\u00e4kringar och garantier<br \/>\nVi \u00e4r ett fullt licensierat \u00f6sterrikiskt taxibolag. V\u00e5rt f\u00f6retag \u00e4r fullt f\u00f6rs\u00e4krat och har alla f\u00f6rs\u00e4kringar som kr\u00e4vs enligt \u00f6sterrikisk lag genom det internationella f\u00f6rs\u00e4kringsbolaget. Transferpassageraren och hans bagage \u00e4r fullt f\u00f6rs\u00e4krade.<\/p>\n<p>Vi ansvarar inte f\u00f6r f\u00f6rseningar f\u00f6re eller under \u00f6verf\u00f6ringen orsakade av yttre orsaker (t.ex. v\u00e4derf\u00f6rh\u00e5llanden, olyckor, trafik eller fordonshaveri).<\/p>\n<p>R\u00f6kning och alkoholhaltiga drycker \u00e4r inte till\u00e5tna i v\u00e5ra fordon. Vi f\u00f6rbeh\u00e5ller oss r\u00e4tten att v\u00e4gra kunder som \u00e4r p\u00e5verkade av alkohol eller droger eller som \u00e4ventyrar v\u00e5r f\u00f6rare. Vi f\u00f6rbeh\u00e5ller oss r\u00e4tten att v\u00e4gra transport av din grupp p\u00e5 grund av h\u00e4lso- och s\u00e4kerhetsbest\u00e4mmelser om du inte f\u00f6re resan meddelar att du beh\u00f6ver barnstolar eller b\u00e4ltesstolar. Vi f\u00f6rbeh\u00e5ller oss r\u00e4tten att l\u00e4mna ditt boende 15 minuter efter den \u00f6verenskomna upph\u00e4mtningstiden ifall en medlem i din grupp inte informerar v\u00e5r chauff\u00f6r om din f\u00f6rsening.<\/p>\n<p>F\u00f6retaget f\u00f6rbeh\u00e5ller sig alla r\u00e4ttigheter att \u00e4ndra modellen p\u00e5 den bokade bilen eller sk\u00e5pbilen utan f\u00f6reg\u00e5ende meddelande till passageraren. Vi kommer att v\u00e4nta p\u00e5 flygplatsen cirka 1 timme efter din landningstid. Skulle det vara problem med bagaget, f\u00f6rutsatt att du meddelar oss genom att skicka 1 medlem i ditt s\u00e4llskap f\u00f6r att hitta oss i ankomsthallen, v\u00e4ntar vi g\u00e4rna p\u00e5 dig tills problemet \u00e4r l\u00f6st. Om du reser ensam, v\u00e4nligen meddela oss p\u00e5 detta nummer: +43 6649306626.<\/p>\n<p>Alla r\u00e4ttsliga tvister med f\u00f6retaget kommer att f\u00f6ras inf\u00f6r tingsr\u00e4tten i Landeck \u2013 \u00d6sterrike.<\/p>\n<p>ST ANTON TAXI<br \/>\nSt. Jakober Dorfstrasse 77<br \/>\n6580 St Anton am Arlberg<br \/>\nTyrolen \/ \u00d6sterrike<br \/>\n+43 664 9306626<br \/>\ninfo@stantontaxis.at<\/p>\n<p>\u00a9 stantontaxis.at \/ 2011 \u2013 2022<\/p>\n<\/div><\/section><\/div>\n","protected":false},"excerpt":{"rendered":"","protected":false},"author":1,"featured_media":0,"parent":0,"menu_order":0,"comment_status":"closed","ping_status":"closed","template":"","meta":{"footnotes":""},"class_list":["post-48","page","type-page","status-publish","hentry"],"yoast_head":"<!-- This site is optimized with the Yoast SEO plugin v19.10 - https:\/\/yoast.com\/wordpress\/plugins\/seo\/ -->\n<title>Allmaenna villkor | Taxi St Anton am Arlberg| St Anton taxis | stantontaxis.at\/se<\/title>\n<meta name=\"robots\" content=\"noindex, nofollow\" \/>\n<meta property=\"og:locale\" content=\"sv_SE\" \/>\n<meta property=\"og:type\" content=\"article\" \/>\n<meta property=\"og:title\" content=\"Allmaenna villkor | Taxi St Anton am Arlberg| St Anton taxis | stantontaxis.at\/se\" \/>\n<meta property=\"og:url\" content=\"https:\/\/stantontaxis.at\/se\/allmaenna-villkor\/\" \/>\n<meta property=\"og:site_name\" content=\"Taxi St Anton am Arlberg - St Anton taxi service - stantontaxis.at\/se- swenska\" \/>\n<meta property=\"article:modified_time\" content=\"2022-09-01T06:48:30+00:00\" \/>\n<meta name=\"twitter:card\" content=\"summary_large_image\" \/>\n<meta name=\"twitter:label1\" content=\"Ber\u00e4knad l\u00e4stid\" \/>\n\t<meta name=\"twitter:data1\" content=\"4 minuter\" \/>\n<script type=\"application\/ld+json\" class=\"yoast-schema-graph\">{\"@context\":\"https:\/\/schema.org\",\"@graph\":[{\"@type\":\"WebPage\",\"@id\":\"https:\/\/stantontaxis.at\/se\/allmaenna-villkor\/\",\"url\":\"https:\/\/stantontaxis.at\/se\/allmaenna-villkor\/\",\"name\":\"Allmaenna villkor | Taxi St Anton am Arlberg| St Anton taxis | stantontaxis.at\/se\",\"isPartOf\":{\"@id\":\"https:\/\/stantontaxis.at\/se\/#website\"},\"datePublished\":\"2022-09-01T06:26:10+00:00\",\"dateModified\":\"2022-09-01T06:48:30+00:00\",\"breadcrumb\":{\"@id\":\"https:\/\/stantontaxis.at\/se\/allmaenna-villkor\/#breadcrumb\"},\"inLanguage\":\"sv-SE\",\"potentialAction\":[{\"@type\":\"ReadAction\",\"target\":[\"https:\/\/stantontaxis.at\/se\/allmaenna-villkor\/\"]}]},{\"@type\":\"BreadcrumbList\",\"@id\":\"https:\/\/stantontaxis.at\/se\/allmaenna-villkor\/#breadcrumb\",\"itemListElement\":[{\"@type\":\"ListItem\",\"position\":1,\"name\":\"Home\",\"item\":\"https:\/\/stantontaxis.at\/se\/\"},{\"@type\":\"ListItem\",\"position\":2,\"name\":\"Allm\u00e4nna villkor\"}]},{\"@type\":\"WebSite\",\"@id\":\"https:\/\/stantontaxis.at\/se\/#website\",\"url\":\"https:\/\/stantontaxis.at\/se\/\",\"name\":\"Taxi St Anton am Arlberg - St Anton taxi service - stantontaxis.at\/se- swenska\",\"description\":\"\",\"potentialAction\":[{\"@type\":\"SearchAction\",\"target\":{\"@type\":\"EntryPoint\",\"urlTemplate\":\"https:\/\/stantontaxis.at\/se\/?s={search_term_string}\"},\"query-input\":\"required name=search_term_string\"}],\"inLanguage\":\"sv-SE\"}]}<\/script>\n<!-- \/ Yoast SEO plugin. -->","yoast_head_json":{"title":"Allmaenna villkor | Taxi St Anton am Arlberg| St Anton taxis | stantontaxis.at\/se","robots":{"index":"noindex","follow":"nofollow"},"og_locale":"sv_SE","og_type":"article","og_title":"Allmaenna villkor | Taxi St Anton am Arlberg| St Anton taxis | stantontaxis.at\/se","og_url":"https:\/\/stantontaxis.at\/se\/allmaenna-villkor\/","og_site_name":"Taxi St Anton am Arlberg - St Anton taxi service - stantontaxis.at\/se- swenska","article_modified_time":"2022-09-01T06:48:30+00:00","twitter_card":"summary_large_image","twitter_misc":{"Ber\u00e4knad l\u00e4stid":"4 minuter"},"schema":{"@context":"https:\/\/schema.org","@graph":[{"@type":"WebPage","@id":"https:\/\/stantontaxis.at\/se\/allmaenna-villkor\/","url":"https:\/\/stantontaxis.at\/se\/allmaenna-villkor\/","name":"Allmaenna villkor | Taxi St Anton am Arlberg| St Anton taxis | stantontaxis.at\/se","isPartOf":{"@id":"https:\/\/stantontaxis.at\/se\/#website"},"datePublished":"2022-09-01T06:26:10+00:00","dateModified":"2022-09-01T06:48:30+00:00","breadcrumb":{"@id":"https:\/\/stantontaxis.at\/se\/allmaenna-villkor\/#breadcrumb"},"inLanguage":"sv-SE","potentialAction":[{"@type":"ReadAction","target":["https:\/\/stantontaxis.at\/se\/allmaenna-villkor\/"]}]},{"@type":"BreadcrumbList","@id":"https:\/\/stantontaxis.at\/se\/allmaenna-villkor\/#breadcrumb","itemListElement":[{"@type":"ListItem","position":1,"name":"Home","item":"https:\/\/stantontaxis.at\/se\/"},{"@type":"ListItem","position":2,"name":"Allm\u00e4nna villkor"}]},{"@type":"WebSite","@id":"https:\/\/stantontaxis.at\/se\/#website","url":"https:\/\/stantontaxis.at\/se\/","name":"Taxi St Anton am Arlberg - St Anton taxi service - stantontaxis.at\/se- swenska","description":"","potentialAction":[{"@type":"SearchAction","target":{"@type":"EntryPoint","urlTemplate":"https:\/\/stantontaxis.at\/se\/?s={search_term_string}"},"query-input":"required name=search_term_string"}],"inLanguage":"sv-SE"}]}},"_links":{"self":[{"href":"https:\/\/stantontaxis.at\/se\/wp-json\/wp\/v2\/pages\/48","targetHints":{"allow":["GET"]}}],"collection":[{"href":"https:\/\/stantontaxis.at\/se\/wp-json\/wp\/v2\/pages"}],"about":[{"href":"https:\/\/stantontaxis.at\/se\/wp-json\/wp\/v2\/types\/page"}],"author":[{"embeddable":true,"href":"https:\/\/stantontaxis.at\/se\/wp-json\/wp\/v2\/users\/1"}],"replies":[{"embeddable":true,"href":"https:\/\/stantontaxis.at\/se\/wp-json\/wp\/v2\/comments?post=48"}],"version-history":[{"count":2,"href":"https:\/\/stantontaxis.at\/se\/wp-json\/wp\/v2\/pages\/48\/revisions"}],"predecessor-version":[{"id":53,"href":"https:\/\/stantontaxis.at\/se\/wp-json\/wp\/v2\/pages\/48\/revisions\/53"}],"wp:attachment":[{"href":"https:\/\/stantontaxis.at\/se\/wp-json\/wp\/v2\/media?parent=48"}],"curies":[{"name":"wp","href":"https:\/\/api.w.org\/{rel}","templated":true}]}}