{"id":42,"date":"2022-09-01T11:58:04","date_gmt":"2022-09-01T09:58:04","guid":{"rendered":"https:\/\/stantontaxis.at\/dk\/?page_id=42"},"modified":"2022-09-01T12:08:04","modified_gmt":"2022-09-01T10:08:04","slug":"fortrolighedserklaering","status":"publish","type":"page","link":"https:\/\/stantontaxis.at\/dk\/fortrolighedserklaering\/","title":{"rendered":"Fortrolighedserklaering"},"content":{"rendered":"<div id='av_section_1'  class='avia-section av-1qu2i-abdbbc99da9a3f67881bd1a2263178a4 main_color avia-section-default avia-no-border-styling  avia-builder-el-0  avia-builder-el-no-sibling  avia-bg-style-scroll container_wrap fullsize'  ><div class='container av-section-cont-open' ><main  role=\"main\" itemprop=\"mainContentOfPage\"  class='template-page content  av-content-full alpha units'><div class='post-entry post-entry-type-page post-entry-42'><div class='entry-content-wrapper clearfix'>\n<div class='flex_column av-1440i-861643fbed2b4306ac4751e8556fb96c av_one_full  avia-builder-el-1  avia-builder-el-no-sibling  first flex_column_div '     ><section  class='av_textblock_section av-l7ivjamn-cf13baad93d7bf17aad7374f329a251c'  itemscope=\"itemscope\" itemtype=\"https:\/\/schema.org\/CreativeWork\" ><div class='avia_textblock'  itemprop=\"text\" ><h2>Fortrolighedserkl\u00e6ring<\/h2>\n<p>Hvem vi er<\/p>\n<p>Foresl\u00e5et tekst: Vores hjemmesideadresse er: https:\/\/stantontaxis.at.<\/p>\n<p>Kommentarer<\/p>\n<p>Foresl\u00e5et tekst: N\u00e5r bes\u00f8gende efterlader kommentarer p\u00e5 webstedet, indsamler vi de data, der vises i kommentarformularen, samt den bes\u00f8gendes IP-adresse og browserens brugeragentstreng for at hj\u00e6lpe med at opdage spam.<\/p>\n<p>En anonymiseret streng (ogs\u00e5 kendt som en hash) oprettet fra din e-mailadresse kan blive givet til Gravatar-tjenesten for at afg\u00f8re, om du bruger den. Gravatar-tjenestens privatlivspolitik kan findes her: https:\/\/automattic.com\/privacy\/. Efter godkendelse af din kommentar er dit profilbillede offentligt synligt i forbindelse med din kommentar.<\/p>\n<p>medier<\/p>\n<p>Foresl\u00e5et tekst: N\u00e5r du uploader billeder til hjemmesiden, b\u00f8r du undg\u00e5 at uploade billeder med indlejrede lokationsdata (EXIF GPS). Bes\u00f8gende p\u00e5 webstedet kan downloade og udtr\u00e6kke alle placeringsdata fra billeder p\u00e5 webstedet.<\/p>\n<p>Cookies<\/p>\n<p>Foresl\u00e5et tekst: Hvis du efterlader en kommentar p\u00e5 vores side, kan du v\u00e6lge at gemme dit navn, din e-mailadresse og din hjemmeside i cookies. Disse er for din bekvemmelighed, s\u00e5 du beh\u00f8ver ikke at indtaste dine oplysninger igen, n\u00e5r du l\u00e6gger en anden kommentar. Disse cookies holder i et \u00e5r.<\/p>\n<p>N\u00e5r du bes\u00f8ger vores login-side, s\u00e6tter vi en midlertidig cookie for at afg\u00f8re, om din browser accepterer cookies. Denne cookie indeholder ingen personlige data og kasseres, n\u00e5r du lukker din browser.<\/p>\n<p>N\u00e5r du logger ind, s\u00e6tter vi ogs\u00e5 flere cookies for at huske dine loginoplysninger og dine sk\u00e6rmvisningsmuligheder. Login-cookies varer i to dage, og sk\u00e6rmindstillinger-cookies holder i et \u00e5r. Hvis du v\u00e6lger &#8220;Husk mig&#8221;, forbliver dit login i to uger. Hvis du logger ud af din konto, fjernes login-cookies.<\/p>\n<p>Hvis du redigerer eller udgiver en artikel, vil en ekstra cookie blive gemt i din browser. Denne cookie indeholder ingen personlige data og viser kun post-id&#8217;et for den artikel, du lige har redigeret. Den udl\u00f8ber efter 1 dag.<\/p>\n<p>Indlejret indhold fra andre websteder<\/p>\n<p>Foresl\u00e5et tekst: Artikler p\u00e5 dette websted kan indeholde indlejret indhold (f.eks. videoer, billeder, artikler osv.). Indlejret indhold fra andre hjemmesider opf\u00f8rer sig n\u00f8jagtigt, som om den bes\u00f8gende havde bes\u00f8gt den anden hjemmeside.<\/p>\n<p>Disse websteder kan indsamle data om dig, bruge cookies, indlejre yderligere tredjepartssporing og overv\u00e5ge din interaktion med det indlejrede indhold, herunder sporing af din interaktion med det indlejrede indhold, hvis du har en konto og er logget ind p\u00e5 denne hjemmeside.<\/p>\n<p>Hvem vi deler dine data med<\/p>\n<p>Foresl\u00e5et tekst: Hvis du anmoder om en nulstilling af adgangskode, vil din IP-adresse blive inkluderet i nulstillings-e-mailen.<\/p>\n<p>Hvor l\u00e6nge opbevarer vi dine data<\/p>\n<p>Foresl\u00e5et tekst: N\u00e5r du l\u00e6gger en kommentar, bevares kommentaren og dens metadata p\u00e5 ubestemt tid. Dette giver os mulighed for automatisk at genkende og godkende opf\u00f8lgende kommentarer i stedet for at holde dem i en moderationsk\u00f8.<\/p>\n<p>For brugere, der registrerer sig p\u00e5 vores hjemmeside (hvis nogen), gemmer vi ogs\u00e5 de personlige oplysninger, de giver i deres brugerprofil. Alle brugere kan til enhver tid se, redigere eller slette deres personlige oplysninger (undtagen at de ikke kan \u00e6ndre deres brugernavn). Webstedsadministratorer kan ogs\u00e5 se og redigere disse oplysninger.<\/p>\n<p>Hvilke rettigheder har du til dine data<\/p>\n<p>Foresl\u00e5et tekst: Hvis du har en konto p\u00e5 denne hjemmeside eller har efterladt kommentarer, kan du anmode om at modtage en eksporteret fil med de personlige data, vi har om dig, inklusive alle data, du har givet os. Du kan ogs\u00e5 anmode om, at vi sletter alle personlige oplysninger, vi har om dig. Dette inkluderer ikke data, som vi er forpligtet til at opbevare af administrative, juridiske eller sikkerhedsm\u00e6ssige \u00e5rsager.<\/p>\n<p>Hvor dine data sendes til<\/p>\n<p>Foresl\u00e5et tekst: Bes\u00f8gendes kommentarer kan blive tjekket gennem en automatisk spam-detektionstjeneste.<\/p>\n<p>Denne hjemmeside drives af stantontaxis.at. Denne meddelelse beskriver, hvordan vi som databeskyttelsesr\u00e5dgiver behandler dine personoplysninger i forbindelse med denne hjemmeside.<\/p>\n<p>Pr\u00e6ambel<br \/>\nBeskyttelsen af \u200b\u200bdine personlige data er meget vigtig for os. Derfor behandler vi udelukkende dine data p\u00e5 grundlag af de juridiske tilladelser (GDPR, DSG, TKG, ECG). I denne databeskyttelseserkl\u00e6ring informerer vi dig om de vigtigste aspekter af databehandling p\u00e5 vores hjemmeside.<\/p>\n<p>1. Hvilke data vi behandler om dig<br \/>\nUnder dit bes\u00f8g p\u00e5 vores hjemmeside indsamler vi f\u00f8lgende oplysninger: dato og klokkesl\u00e6t, hvor du bes\u00f8gte vores hjemmeside, fornavn, efternavn, e-mailadresse, telefonnummer, betalingsmetode, afhentningstidspunkt og afhentningssted, som registreret i punkt 2 Cookies og oplysninger du d\u00f8r i feltet angiv noter. Der er ingen forpligtelse til at videregive oplysninger, som vi beder dig om at give p\u00e5 vores hjemmeside. Ellers kan du muligvis ikke bruge alle funktionerne p\u00e5 hjemmesiden eller bestille en tur.<\/p>\n<p>2. Cookies<br \/>\nDer bruges s\u00e5kaldte cookies p\u00e5 denne hjemmeside. En cookie er en lille fil, der kan gemmes p\u00e5 din computer, n\u00e5r du bes\u00f8ger en hjemmeside. Vi bruger kun cookies p\u00e5 vores hjemmeside, som er n\u00f8dvendige for en ordre. Disse s\u00e5kaldte &#8220;sessions&#8221;-cookies gemmes i din browser, s\u00e5 l\u00e6nge du er p\u00e5 vores hjemmeside og h\u00e6ldes straks ud af din browser, efter du forlader vores hjemmeside.<\/p>\n<p>3. Form\u00e5l med databehandling<br \/>\nVi screener dine personlige data til f\u00f8lgende form\u00e5l:<br \/>\nat behandle ordrer fra dig effektivt; at g\u00f8re denne hjemmeside tilg\u00e6ngelig for dig og for yderligere at \u00e6re og promovere denne hjemmeside; at opdage, forhindre og efterforske angreb p\u00e5 vores hjemmeside<\/p>\n<p>4. Retsgrundlag<br \/>\nRetsgrundlaget for behandlingen af \u200b\u200bdine personoplysninger er udf\u00f8relsen af \u200b\u200bpr\u00e6-kontraktuelle eller kontraktlige tjenester.<br \/>\n5. Overf\u00f8rsel af dine personlige data<br \/>\nTil de natlige form\u00e5l ovenfor sender vi dine helbredsdata til f\u00f8lgende modtagere. Iv\u00e6rks\u00e6ttere eller chauff\u00f8rer, der er betroet os, og som er betalt for at k\u00f8re turen; Vi bruger IT-serviceudbydere.<\/p>\n<p>6. Varighed af opbevaring<br \/>\nVi opbevarer dine data indtil udl\u00f8bet af kontraktforholdet og ud over de lovpligtige udstillingsperioder eller s\u00e5 l\u00e6nge der eksisterer juridiske krav fra kontraktforholdet.<\/p>\n<p>7. Dine rettigheder i forhold til persondata<br \/>\nDu har blandt andet ret til 1. at bestemme, om og hvilke personoplysninger vi har om dig, og at modtage kopier af disse data, 2. lovligheden, suppleringen eller sletningen af \u200b\u200bdine ukorrekte eller uretm\u00e6ssigt relaterede personoplysninger med lovens 3. af at bede os om at begr\u00e6nse behandlingen af \u200b\u200bdine personoplysninger og 4. under visse omst\u00e6ndigheder at g\u00f8re indsigelse mod behandlingen af \u200b\u200bdine personoplysninger eller at tilbagekalde samtykke til behandling, 5. at anmode om dataportabilitet, 6. identiteten p\u00e5 tredjeparter, til hvem dine personoplysninger videregives, og 7. at klage til myndigheden.<\/p>\n<p>8. Brug kontaktoplysninger<br \/>\nHvis du har sp\u00f8rgsm\u00e5l eller bekymringer vedr\u00f8rende behandlingen af \u200b\u200bdine personoplysninger, bedes du kontakte os:<\/p>\n<p>STANTON TAXI<br \/>\nSt. Jakober Dorfstrasse 77<br \/>\n6580 Sankt Anton am Arlberg<br \/>\nTyrol \/ \u00d8strig<br \/>\n+436649306626<br \/>\ninfo@stantontaxis.at<\/p>\n<\/div><\/section><\/div>\n","protected":false},"excerpt":{"rendered":"","protected":false},"author":1,"featured_media":0,"parent":0,"menu_order":0,"comment_status":"closed","ping_status":"closed","template":"","meta":{"footnotes":""},"class_list":["post-42","page","type-page","status-publish","hentry"],"yoast_head":"<!-- This site is optimized with the Yoast SEO plugin v19.10 - https:\/\/yoast.com\/wordpress\/plugins\/seo\/ -->\n<title>Fortrolighedserklaering | Taxi St Anton am Arlberg | St Anton taxiservice | stantontaxis.at\/dk<\/title>\n<meta name=\"robots\" content=\"noindex, nofollow\" \/>\n<meta property=\"og:locale\" content=\"da_DK\" \/>\n<meta property=\"og:type\" content=\"article\" \/>\n<meta property=\"og:title\" content=\"Fortrolighedserklaering | Taxi St Anton am Arlberg | St Anton taxiservice | stantontaxis.at\/dk\" \/>\n<meta property=\"og:url\" content=\"https:\/\/stantontaxis.at\/dk\/fortrolighedserklaering\/\" \/>\n<meta property=\"og:site_name\" content=\"Taxi St Anton am Arlberg - stantontaxis.at\/dk\" \/>\n<meta property=\"article:modified_time\" content=\"2022-09-01T10:08:04+00:00\" \/>\n<meta name=\"twitter:card\" content=\"summary_large_image\" \/>\n<meta name=\"twitter:label1\" content=\"Estimeret l\u00e6setid\" \/>\n\t<meta name=\"twitter:data1\" content=\"7 minutter\" \/>\n<script type=\"application\/ld+json\" class=\"yoast-schema-graph\">{\"@context\":\"https:\/\/schema.org\",\"@graph\":[{\"@type\":\"WebPage\",\"@id\":\"https:\/\/stantontaxis.at\/dk\/fortrolighedserklaering\/\",\"url\":\"https:\/\/stantontaxis.at\/dk\/fortrolighedserklaering\/\",\"name\":\"Fortrolighedserklaering | Taxi St Anton am Arlberg | St Anton taxiservice | stantontaxis.at\/dk\",\"isPartOf\":{\"@id\":\"https:\/\/stantontaxis.at\/dk\/#website\"},\"datePublished\":\"2022-09-01T09:58:04+00:00\",\"dateModified\":\"2022-09-01T10:08:04+00:00\",\"breadcrumb\":{\"@id\":\"https:\/\/stantontaxis.at\/dk\/fortrolighedserklaering\/#breadcrumb\"},\"inLanguage\":\"da-DK\",\"potentialAction\":[{\"@type\":\"ReadAction\",\"target\":[\"https:\/\/stantontaxis.at\/dk\/fortrolighedserklaering\/\"]}]},{\"@type\":\"BreadcrumbList\",\"@id\":\"https:\/\/stantontaxis.at\/dk\/fortrolighedserklaering\/#breadcrumb\",\"itemListElement\":[{\"@type\":\"ListItem\",\"position\":1,\"name\":\"Startseite\",\"item\":\"https:\/\/stantontaxis.at\/dk\/\"},{\"@type\":\"ListItem\",\"position\":2,\"name\":\"Fortrolighedserklaering\"}]},{\"@type\":\"WebSite\",\"@id\":\"https:\/\/stantontaxis.at\/dk\/#website\",\"url\":\"https:\/\/stantontaxis.at\/dk\/\",\"name\":\"Taxi St Anton am Arlberg - stantontaxis.at\/dk\",\"description\":\"\",\"potentialAction\":[{\"@type\":\"SearchAction\",\"target\":{\"@type\":\"EntryPoint\",\"urlTemplate\":\"https:\/\/stantontaxis.at\/dk\/?s={search_term_string}\"},\"query-input\":\"required name=search_term_string\"}],\"inLanguage\":\"da-DK\"}]}<\/script>\n<!-- \/ Yoast SEO plugin. -->","yoast_head_json":{"title":"Fortrolighedserklaering | Taxi St Anton am Arlberg | St Anton taxiservice | stantontaxis.at\/dk","robots":{"index":"noindex","follow":"nofollow"},"og_locale":"da_DK","og_type":"article","og_title":"Fortrolighedserklaering | Taxi St Anton am Arlberg | St Anton taxiservice | stantontaxis.at\/dk","og_url":"https:\/\/stantontaxis.at\/dk\/fortrolighedserklaering\/","og_site_name":"Taxi St Anton am Arlberg - stantontaxis.at\/dk","article_modified_time":"2022-09-01T10:08:04+00:00","twitter_card":"summary_large_image","twitter_misc":{"Estimeret l\u00e6setid":"7 minutter"},"schema":{"@context":"https:\/\/schema.org","@graph":[{"@type":"WebPage","@id":"https:\/\/stantontaxis.at\/dk\/fortrolighedserklaering\/","url":"https:\/\/stantontaxis.at\/dk\/fortrolighedserklaering\/","name":"Fortrolighedserklaering | Taxi St Anton am Arlberg | St Anton taxiservice | stantontaxis.at\/dk","isPartOf":{"@id":"https:\/\/stantontaxis.at\/dk\/#website"},"datePublished":"2022-09-01T09:58:04+00:00","dateModified":"2022-09-01T10:08:04+00:00","breadcrumb":{"@id":"https:\/\/stantontaxis.at\/dk\/fortrolighedserklaering\/#breadcrumb"},"inLanguage":"da-DK","potentialAction":[{"@type":"ReadAction","target":["https:\/\/stantontaxis.at\/dk\/fortrolighedserklaering\/"]}]},{"@type":"BreadcrumbList","@id":"https:\/\/stantontaxis.at\/dk\/fortrolighedserklaering\/#breadcrumb","itemListElement":[{"@type":"ListItem","position":1,"name":"Startseite","item":"https:\/\/stantontaxis.at\/dk\/"},{"@type":"ListItem","position":2,"name":"Fortrolighedserklaering"}]},{"@type":"WebSite","@id":"https:\/\/stantontaxis.at\/dk\/#website","url":"https:\/\/stantontaxis.at\/dk\/","name":"Taxi St Anton am Arlberg - stantontaxis.at\/dk","description":"","potentialAction":[{"@type":"SearchAction","target":{"@type":"EntryPoint","urlTemplate":"https:\/\/stantontaxis.at\/dk\/?s={search_term_string}"},"query-input":"required name=search_term_string"}],"inLanguage":"da-DK"}]}},"_links":{"self":[{"href":"https:\/\/stantontaxis.at\/dk\/wp-json\/wp\/v2\/pages\/42","targetHints":{"allow":["GET"]}}],"collection":[{"href":"https:\/\/stantontaxis.at\/dk\/wp-json\/wp\/v2\/pages"}],"about":[{"href":"https:\/\/stantontaxis.at\/dk\/wp-json\/wp\/v2\/types\/page"}],"author":[{"embeddable":true,"href":"https:\/\/stantontaxis.at\/dk\/wp-json\/wp\/v2\/users\/1"}],"replies":[{"embeddable":true,"href":"https:\/\/stantontaxis.at\/dk\/wp-json\/wp\/v2\/comments?post=42"}],"version-history":[{"count":3,"href":"https:\/\/stantontaxis.at\/dk\/wp-json\/wp\/v2\/pages\/42\/revisions"}],"predecessor-version":[{"id":45,"href":"https:\/\/stantontaxis.at\/dk\/wp-json\/wp\/v2\/pages\/42\/revisions\/45"}],"wp:attachment":[{"href":"https:\/\/stantontaxis.at\/dk\/wp-json\/wp\/v2\/media?parent=42"}],"curies":[{"name":"wp","href":"https:\/\/api.w.org\/{rel}","templated":true}]}}