{"id":40,"date":"2022-09-01T11:50:46","date_gmt":"2022-09-01T09:50:46","guid":{"rendered":"https:\/\/stantontaxis.at\/dk\/?page_id=40"},"modified":"2022-09-01T12:07:09","modified_gmt":"2022-09-01T10:07:09","slug":"gtc","status":"publish","type":"page","link":"https:\/\/stantontaxis.at\/dk\/gtc\/","title":{"rendered":"GTC"},"content":{"rendered":"<div id='av_section_1'  class='avia-section av-1o0og-9f96a521a2ec281cfebe7f8318e840b0 main_color avia-section-default avia-no-border-styling  avia-builder-el-0  avia-builder-el-no-sibling  avia-bg-style-scroll container_wrap fullsize'  ><div class='container av-section-cont-open' ><main  role=\"main\" itemprop=\"mainContentOfPage\"  class='template-page content  av-content-full alpha units'><div class='post-entry post-entry-type-page post-entry-40'><div class='entry-content-wrapper clearfix'>\n<div class='flex_column av-vtsc-c9c1daa0017cc28bc822441383646185 av_one_full  avia-builder-el-1  avia-builder-el-no-sibling  first flex_column_div '     ><section  class='av_textblock_section av-l7iv9u2s-4cad81d137284f5e973b0c44b061e739'  itemscope=\"itemscope\" itemtype=\"https:\/\/schema.org\/CreativeWork\" ><div class='avia_textblock'  itemprop=\"text\" ><h2>Generelle vilk\u00e5r og betingelser<\/h2>\n<p>GTC<br \/>\nForbehold<br \/>\nVi accepterer reservationer op til 2 timer f\u00f8r din \u00f8nskede overf\u00f8rselsdato. For last minute transfer reservationer bedes du kontakte os p\u00e5 telefon. Afbestillinger og \u00e6ndringer af reservationen skal ske 12 timer f\u00f8r din ankomst.<\/p>\n<p>Betalinger<br \/>\nDu kan betale kontant direkte til chauff\u00f8ren. Betalinger til chauff\u00f8ren skal ske kontant ved ankomst til destinationen. Ved afrejse bedes du betale det samlede bel\u00f8b ved ankomst til destinationen. Hovedreservationsnavnet er ansvarlig for den endelige betaling.<\/p>\n<p>Aflysninger<br \/>\nAlle anmodninger om annullering skal modtages skriftligt til vores e-mailadresse info@stantontaxis.at mindst 24 timer f\u00f8r dagen for din f\u00f8rste planlagte overf\u00f8rsel. Annulleringer, der opfylder ovenst\u00e5ende betingelser, refunderes med samme betalingsmetode og valuta, som blev brugt p\u00e5 k\u00f8bstidspunktet. Aflysninger foretaget mindre end 12 timer f\u00f8r det planlagte overf\u00f8rselstidspunkt, der er vist p\u00e5 din reservationsvoucher, returneres IKKE.<\/p>\n<p>Bagage<br \/>\nVi transporterer op til to stykker bagage per person, eventuel ekstra eller specialbagage. (Snowboard, ski mv.) skal angives ved booking. Vi kan ikke holdes ansvarlige for at medbringe uangivet ekstra bagage.<\/p>\n<p>Forsikring og garantier<br \/>\nVi er et fuldt licenseret \u00f8strigsk taxaselskab. Vores firma er fuldt forsikret og har alle de forsikringer, som \u00f8strigsk lov kr\u00e6ver gennem det internationale forsikringsselskab. Transferpassageren og hans bagage er fuldt forsikret.<\/p>\n<p>Vi er ikke ansvarlige for forsinkelser f\u00f8r eller under overf\u00f8rslen for\u00e5rsaget af eksterne \u00e5rsager (f.eks. vejrforhold, ulykker, trafik- eller k\u00f8ret\u00f8jsnedbrud).<\/p>\n<p>Rygning og alkoholholdige drikkevarer er ikke tilladt i vores k\u00f8ret\u00f8jer. Vi forbeholder os retten til at afvise kunder, der er p\u00e5virket af alkohol eller stoffer, eller som bringer vores chauff\u00f8r i fare. Vi forbeholder os retten til at n\u00e6gte befordring af din gruppe p\u00e5 grund af sundheds- og sikkerhedsbestemmelser, hvis du ikke inden rejsen meddeler, at du har brug for barnestole eller selepuder. Vi forbeholder os retten til at forlade din bolig 15 minutter efter det aftalte afhentningstidspunkt, hvis et medlem af din gruppe ikke informerer vores chauff\u00f8r om din forsinkelse.<\/p>\n<p>Virksomheden forbeholder sig alle rettigheder til at \u00e6ndre modellen af \u200b\u200bden reserverede bil eller varevogn uden forudg\u00e5ende varsel til passageren. Vi venter i lufthavnen cirka 1 time efter din landingstid. Skulle der v\u00e6re et problem med bagagen, forudsat at du giver os besked ved at sende 1 medlem af dit selskab for at finde os i ankomsthallen, venter vi gerne p\u00e5 dig, indtil problemet er l\u00f8st. Hvis du rejser alene, bedes du give os besked p\u00e5 dette nummer: +43 6649306626.<\/p>\n<p>Alle juridiske tvister med virksomheden vil blive f\u00f8rt for distriktsretten i Landeck \u2013 \u00d8strig.<\/p>\n<p>ST ANTON TAXI<br \/>\nSt. Jakober Dorfstrasse 77<br \/>\n6580 St Anton am Arlberg<br \/>\nTyrol \/ \u00d8strig<br \/>\n+43 664 9306626<br \/>\ninfo@stantontaxis.at<\/p>\n<p>\u00a9 stantontaxis.at \/ 2011 \u2013 2022<\/p>\n<\/div><\/section><\/div>\n","protected":false},"excerpt":{"rendered":"","protected":false},"author":1,"featured_media":0,"parent":0,"menu_order":0,"comment_status":"closed","ping_status":"closed","template":"","meta":{"footnotes":""},"class_list":["post-40","page","type-page","status-publish","hentry"],"yoast_head":"<!-- This site is optimized with the Yoast SEO plugin v19.10 - https:\/\/yoast.com\/wordpress\/plugins\/seo\/ -->\n<title>GTC | Taxi St Anton am Arlberg | St Anton taxiservice | stantontaxis.at\/dk<\/title>\n<meta name=\"robots\" content=\"noindex, nofollow\" \/>\n<meta property=\"og:locale\" content=\"da_DK\" \/>\n<meta property=\"og:type\" content=\"article\" \/>\n<meta property=\"og:title\" content=\"GTC | Taxi St Anton am Arlberg | St Anton taxiservice | stantontaxis.at\/dk\" \/>\n<meta property=\"og:url\" content=\"https:\/\/stantontaxis.at\/dk\/gtc\/\" \/>\n<meta property=\"og:site_name\" content=\"Taxi St Anton am Arlberg - stantontaxis.at\/dk\" \/>\n<meta property=\"article:modified_time\" content=\"2022-09-01T10:07:09+00:00\" \/>\n<meta name=\"twitter:card\" content=\"summary_large_image\" \/>\n<meta name=\"twitter:label1\" content=\"Estimeret l\u00e6setid\" \/>\n\t<meta name=\"twitter:data1\" content=\"4 minutter\" \/>\n<script type=\"application\/ld+json\" class=\"yoast-schema-graph\">{\"@context\":\"https:\/\/schema.org\",\"@graph\":[{\"@type\":\"WebPage\",\"@id\":\"https:\/\/stantontaxis.at\/dk\/gtc\/\",\"url\":\"https:\/\/stantontaxis.at\/dk\/gtc\/\",\"name\":\"GTC | Taxi St Anton am Arlberg | St Anton taxiservice | stantontaxis.at\/dk\",\"isPartOf\":{\"@id\":\"https:\/\/stantontaxis.at\/dk\/#website\"},\"datePublished\":\"2022-09-01T09:50:46+00:00\",\"dateModified\":\"2022-09-01T10:07:09+00:00\",\"breadcrumb\":{\"@id\":\"https:\/\/stantontaxis.at\/dk\/gtc\/#breadcrumb\"},\"inLanguage\":\"da-DK\",\"potentialAction\":[{\"@type\":\"ReadAction\",\"target\":[\"https:\/\/stantontaxis.at\/dk\/gtc\/\"]}]},{\"@type\":\"BreadcrumbList\",\"@id\":\"https:\/\/stantontaxis.at\/dk\/gtc\/#breadcrumb\",\"itemListElement\":[{\"@type\":\"ListItem\",\"position\":1,\"name\":\"Startseite\",\"item\":\"https:\/\/stantontaxis.at\/dk\/\"},{\"@type\":\"ListItem\",\"position\":2,\"name\":\"GTC\"}]},{\"@type\":\"WebSite\",\"@id\":\"https:\/\/stantontaxis.at\/dk\/#website\",\"url\":\"https:\/\/stantontaxis.at\/dk\/\",\"name\":\"Taxi St Anton am Arlberg - stantontaxis.at\/dk\",\"description\":\"\",\"potentialAction\":[{\"@type\":\"SearchAction\",\"target\":{\"@type\":\"EntryPoint\",\"urlTemplate\":\"https:\/\/stantontaxis.at\/dk\/?s={search_term_string}\"},\"query-input\":\"required name=search_term_string\"}],\"inLanguage\":\"da-DK\"}]}<\/script>\n<!-- \/ Yoast SEO plugin. -->","yoast_head_json":{"title":"GTC | Taxi St Anton am Arlberg | St Anton taxiservice | stantontaxis.at\/dk","robots":{"index":"noindex","follow":"nofollow"},"og_locale":"da_DK","og_type":"article","og_title":"GTC | Taxi St Anton am Arlberg | St Anton taxiservice | stantontaxis.at\/dk","og_url":"https:\/\/stantontaxis.at\/dk\/gtc\/","og_site_name":"Taxi St Anton am Arlberg - stantontaxis.at\/dk","article_modified_time":"2022-09-01T10:07:09+00:00","twitter_card":"summary_large_image","twitter_misc":{"Estimeret l\u00e6setid":"4 minutter"},"schema":{"@context":"https:\/\/schema.org","@graph":[{"@type":"WebPage","@id":"https:\/\/stantontaxis.at\/dk\/gtc\/","url":"https:\/\/stantontaxis.at\/dk\/gtc\/","name":"GTC | Taxi St Anton am Arlberg | St Anton taxiservice | stantontaxis.at\/dk","isPartOf":{"@id":"https:\/\/stantontaxis.at\/dk\/#website"},"datePublished":"2022-09-01T09:50:46+00:00","dateModified":"2022-09-01T10:07:09+00:00","breadcrumb":{"@id":"https:\/\/stantontaxis.at\/dk\/gtc\/#breadcrumb"},"inLanguage":"da-DK","potentialAction":[{"@type":"ReadAction","target":["https:\/\/stantontaxis.at\/dk\/gtc\/"]}]},{"@type":"BreadcrumbList","@id":"https:\/\/stantontaxis.at\/dk\/gtc\/#breadcrumb","itemListElement":[{"@type":"ListItem","position":1,"name":"Startseite","item":"https:\/\/stantontaxis.at\/dk\/"},{"@type":"ListItem","position":2,"name":"GTC"}]},{"@type":"WebSite","@id":"https:\/\/stantontaxis.at\/dk\/#website","url":"https:\/\/stantontaxis.at\/dk\/","name":"Taxi St Anton am Arlberg - stantontaxis.at\/dk","description":"","potentialAction":[{"@type":"SearchAction","target":{"@type":"EntryPoint","urlTemplate":"https:\/\/stantontaxis.at\/dk\/?s={search_term_string}"},"query-input":"required name=search_term_string"}],"inLanguage":"da-DK"}]}},"_links":{"self":[{"href":"https:\/\/stantontaxis.at\/dk\/wp-json\/wp\/v2\/pages\/40","targetHints":{"allow":["GET"]}}],"collection":[{"href":"https:\/\/stantontaxis.at\/dk\/wp-json\/wp\/v2\/pages"}],"about":[{"href":"https:\/\/stantontaxis.at\/dk\/wp-json\/wp\/v2\/types\/page"}],"author":[{"embeddable":true,"href":"https:\/\/stantontaxis.at\/dk\/wp-json\/wp\/v2\/users\/1"}],"replies":[{"embeddable":true,"href":"https:\/\/stantontaxis.at\/dk\/wp-json\/wp\/v2\/comments?post=40"}],"version-history":[{"count":2,"href":"https:\/\/stantontaxis.at\/dk\/wp-json\/wp\/v2\/pages\/40\/revisions"}],"predecessor-version":[{"id":48,"href":"https:\/\/stantontaxis.at\/dk\/wp-json\/wp\/v2\/pages\/40\/revisions\/48"}],"wp:attachment":[{"href":"https:\/\/stantontaxis.at\/dk\/wp-json\/wp\/v2\/media?parent=40"}],"curies":[{"name":"wp","href":"https:\/\/api.w.org\/{rel}","templated":true}]}}