{"id":58,"date":"2022-08-31T10:58:03","date_gmt":"2022-08-31T08:58:03","guid":{"rendered":"https:\/\/stantontaxis.at\/de\/?page_id=58"},"modified":"2022-08-31T11:11:48","modified_gmt":"2022-08-31T09:11:48","slug":"agb","status":"publish","type":"page","link":"https:\/\/stantontaxis.at\/de\/agb\/","title":{"rendered":"AGB"},"content":{"rendered":"<div id='av_section_1'  class='avia-section av-1jvxe-cb12c85f92e99d90fcc1edbcd39d234f main_color avia-section-default avia-no-border-styling  avia-builder-el-0  avia-builder-el-no-sibling  avia-bg-style-scroll container_wrap fullsize'  ><div class='container av-section-cont-open' ><main  role=\"main\" itemprop=\"mainContentOfPage\"  class='template-page content  av-content-full alpha units'><div class='post-entry post-entry-type-page post-entry-58'><div class='entry-content-wrapper clearfix'>\n<div class='flex_column av-x63q-880e2ac6c5ba5b523fd775f938b823d8 av_one_full  avia-builder-el-1  avia-builder-el-no-sibling  first flex_column_div '     ><section  class='av_textblock_section av-l7hdy6ah-c0bee2c4ff9fef4f2ed7303ea52e22e7'  itemscope=\"itemscope\" itemtype=\"https:\/\/schema.org\/CreativeWork\" ><div class='avia_textblock'  itemprop=\"text\" ><h2>AGB<\/h2>\n<p><strong>Wer wir sind<\/strong><\/p>\n<p>Textvorschlag: Unsere Website-Adresse lautet: https:\/\/stantontaxis.at.<\/p>\n<p><strong>Kommentare<\/strong><\/p>\n<p>Vorgeschlagener Text: Wenn Besucher Kommentare auf der Website hinterlassen, erfassen wir die im Kommentarformular angezeigten Daten sowie die IP-Adresse des Besuchers und die Zeichenfolge des Browser-Benutzeragenten, um die Spam-Erkennung zu unterst\u00fctzen.<\/p>\n<p>Eine aus Ihrer E-Mail-Adresse erstellte anonymisierte Zeichenfolge (auch als Hash bezeichnet) kann dem Gravatar-Dienst zur Verf\u00fcgung gestellt werden, um festzustellen, ob Sie sie verwenden. Die Datenschutzerkl\u00e4rung des Gravatar-Dienstes finden Sie hier: https:\/\/automattic.com\/privacy\/. Nach Freigabe Ihres Kommentars ist Ihr Profilbild im Kontext Ihres Kommentars \u00f6ffentlich sichtbar.<\/p>\n<p><strong>Medien<\/strong><\/p>\n<p>Vorgeschlagener Text: Wenn Sie Bilder auf die Website hochladen, sollten Sie vermeiden, Bilder mit eingebetteten Standortdaten (EXIF GPS) hochzuladen. Besucher der Website k\u00f6nnen beliebige Standortdaten aus Bildern auf der Website herunterladen und extrahieren.<\/p>\n<p><strong>Cookies<\/strong><\/p>\n<p>Vorgeschlagener Text: Wenn Sie einen Kommentar auf unserer Website hinterlassen, k\u00f6nnen Sie sich daf\u00fcr entscheiden, Ihren Namen, Ihre E-Mail-Adresse und Ihre Website in Cookies zu speichern. Diese dienen Ihrer Bequemlichkeit, damit Sie Ihre Daten nicht erneut eingeben m\u00fcssen, wenn Sie einen weiteren Kommentar hinterlassen. Diese Cookies halten ein Jahr lang.<\/p>\n<p>Wenn Sie unsere Anmeldeseite besuchen, setzen wir ein tempor\u00e4res Cookie, um festzustellen, ob Ihr Browser Cookies akzeptiert. Dieses Cookie enth\u00e4lt keine personenbezogenen Daten und wird verworfen, wenn Sie Ihren Browser schlie\u00dfen.<\/p>\n<p>Wenn Sie sich anmelden, werden wir auch mehrere Cookies einrichten, um Ihre Anmeldeinformationen und Ihre Bildschirmanzeigeoptionen zu speichern. Anmelde-Cookies dauern zwei Tage und Cookies f\u00fcr Bildschirmoptionen ein Jahr. Wenn Sie \u201eRemember Me\u201c ausw\u00e4hlen, bleibt Ihr Login zwei Wochen lang bestehen. Wenn Sie sich von Ihrem Konto abmelden, werden die Anmelde-Cookies entfernt.<\/p>\n<p>Wenn Sie einen Artikel bearbeiten oder ver\u00f6ffentlichen, wird ein zus\u00e4tzlicher Cookie in Ihrem Browser gespeichert. Dieses Cookie enth\u00e4lt keine personenbezogenen Daten und zeigt lediglich die Beitrags-ID des Artikels an, den Sie gerade bearbeitet haben. Es verf\u00e4llt nach 1 Tag.<\/p>\n<p><strong>Eingebettete Inhalte von anderen Websites<\/strong><\/p>\n<p>Vorgeschlagener Text: Artikel auf dieser Website k\u00f6nnen eingebettete Inhalte enthalten (z. B. Videos, Bilder, Artikel usw.). Eingebettete Inhalte von anderen Websites verhalten sich genau so, als ob der Besucher die andere Website besucht h\u00e4tte.<\/p>\n<p>Diese Websites k\u00f6nnen Daten \u00fcber Sie sammeln, Cookies verwenden, zus\u00e4tzliches Tracking von Drittanbietern einbetten und Ihre Interaktion mit diesen eingebetteten Inhalten \u00fcberwachen, einschlie\u00dflich der Verfolgung Ihrer Interaktion mit den eingebetteten Inhalten, wenn Sie ein Konto haben und auf dieser Website angemeldet sind.<\/p>\n<p><strong>Mit wem wir Ihre Daten teilen<\/strong><\/p>\n<p>Vorgeschlagener Text: Wenn Sie ein Zur\u00fccksetzen des Passworts anfordern, wird Ihre IP-Adresse in der E-Mail zum Zur\u00fccksetzen enthalten sein.<\/p>\n<p><strong>Wie lange wir Ihre Daten aufbewahren<\/strong><\/p>\n<p>Textvorschlag: Wenn Sie einen Kommentar hinterlassen, bleiben der Kommentar und seine Metadaten unbegrenzt erhalten. Auf diese Weise k\u00f6nnen wir Folgekommentare automatisch erkennen und genehmigen, anstatt sie in einer Moderationswarteschlange festzuhalten.<\/p>\n<p>F\u00fcr Benutzer, die sich auf unserer Website registrieren (falls vorhanden), speichern wir auch die pers\u00f6nlichen Informationen, die sie in ihrem Benutzerprofil angeben. Alle Benutzer k\u00f6nnen ihre pers\u00f6nlichen Daten jederzeit einsehen, bearbeiten oder l\u00f6schen (au\u00dfer sie k\u00f6nnen ihren Benutzernamen nicht \u00e4ndern). Website-Administratoren k\u00f6nnen diese Informationen auch anzeigen und bearbeiten.<\/p>\n<p><strong>Welche Rechte Sie an Ihren Daten haben<\/strong><\/p>\n<p>Vorgeschlagener Text: Wenn Sie ein Konto auf dieser Website haben oder Kommentare hinterlassen haben, k\u00f6nnen Sie anfordern, eine exportierte Datei der personenbezogenen Daten zu erhalten, die wir \u00fcber Sie gespeichert haben, einschlie\u00dflich aller Daten, die Sie uns zur Verf\u00fcgung gestellt haben. Sie k\u00f6nnen auch verlangen, dass wir alle personenbezogenen Daten l\u00f6schen, die wir \u00fcber Sie gespeichert haben. Dies umfasst keine Daten, zu deren Aufbewahrung wir aus administrativen, rechtlichen oder Sicherheitsgr\u00fcnden verpflichtet sind.<\/p>\n<p><strong>Wohin Ihre Daten gesendet werden<\/strong><\/p>\n<p>Vorgeschlagener Text: Besucherkommentare k\u00f6nnten von einem automatisierten Dienst zur Spam-Erkennung untersucht werden.<\/p>\n<p>Diese Website wird von stantontaxis.at betrieben. Diese Hinweise beschreiben, wie wir als Datenschutzbeauftragter Ihre personenbezogenen Daten im Zusammenhang mit dieser Website verarbeiten.<\/p>\n<p><strong>Pr\u00e4ambel<\/strong><br \/>\nDer Schutz Ihrer pers\u00f6nlichen Daten ist uns sehr wichtig. Daher verarbeiten wir Ihre Daten ausschlie\u00dflich auf Grundlage der gesetzlichen Erlaubnisstatbest\u00e4nde (DSGVO, DSG, TKG, ECG). In dieser Datenschutzerkl\u00e4rung informieren wir Sie \u00fcber die wichtigsten Aspekte der Datenverarbeitung im Rahmen unserer Website. Wir verwenden oder verarbeiten nur Daten, die unbedingt erforderlich sind, um Ihnen unsere Dienste bereitzustellen.<\/p>\n<p><strong>1. Welche Daten wir \u00fcber Sie verarbeiten<\/strong><br \/>\nW\u00e4hrend Ihres Besuchs auf unserer Website erfassen wir folgende Informationen: Datum und Uhrzeit des Aufrufs unserer Website, Vorname, Nachname, E-Mail-Adresse, Telefonnummer, Zahlungsart, Abholzeit und Abholort, wie unter Punkt 2 erfasst Cookies und die Informationen sterben SIE im Feld Notizen angeben. Es besteht keine Verpfligungen, Informationen, um die wir Sie auf unserer Website gebissen, verst\u00e4cht offengulegen. Andernfalls k\u00f6nnen Sie m\u00f6glicherweise nicht alle Funktionen der Website nutzen oder eine Bestellung f\u00fcr eine Fahrt aufgeben.<\/p>\n<p>2. <strong>Cookies<\/strong><br \/>\nAuf dieser Website werden sogenannte Cookies verwendet. Ein Cookie ist eine kleine Datei, die auf Ihrem Computer gespeichert werden kann, wenn Sie eine Website besuchen. Wir verwenden auf unserer Website nur Cookies, sterben f\u00fcr Eine Bestel<\/p>\n<\/div><\/section><\/div>\n","protected":false},"excerpt":{"rendered":"","protected":false},"author":1,"featured_media":0,"parent":0,"menu_order":0,"comment_status":"closed","ping_status":"closed","template":"","meta":{"footnotes":""},"class_list":["post-58","page","type-page","status-publish","hentry"],"yoast_head":"<!-- This site is optimized with the Yoast SEO plugin v19.10 - https:\/\/yoast.com\/wordpress\/plugins\/seo\/ -->\n<title>AGB | Taxi St Anton am Arlberg| St Anton taxis | stantontaxis.at<\/title>\n<meta name=\"robots\" content=\"noindex, nofollow\" \/>\n<meta property=\"og:locale\" content=\"de_DE\" \/>\n<meta property=\"og:type\" content=\"article\" \/>\n<meta property=\"og:title\" content=\"AGB | Taxi St Anton am Arlberg| St Anton taxis | stantontaxis.at\" \/>\n<meta property=\"og:url\" content=\"https:\/\/stantontaxis.at\/de\/agb\/\" \/>\n<meta property=\"og:site_name\" content=\"St Anton Taxis - Taxi service St Anton am Arlberg - stantontaxis.at\/de- deutsch\" \/>\n<meta property=\"article:modified_time\" content=\"2022-08-31T09:11:48+00:00\" \/>\n<meta name=\"twitter:card\" content=\"summary_large_image\" \/>\n<meta name=\"twitter:label1\" content=\"Gesch\u00e4tzte Lesezeit\" \/>\n\t<meta name=\"twitter:data1\" content=\"6\u00a0Minuten\" \/>\n<script type=\"application\/ld+json\" class=\"yoast-schema-graph\">{\"@context\":\"https:\/\/schema.org\",\"@graph\":[{\"@type\":\"WebPage\",\"@id\":\"https:\/\/stantontaxis.at\/de\/agb\/\",\"url\":\"https:\/\/stantontaxis.at\/de\/agb\/\",\"name\":\"AGB | Taxi St Anton am Arlberg| St Anton taxis | stantontaxis.at\",\"isPartOf\":{\"@id\":\"https:\/\/stantontaxis.at\/de\/#website\"},\"datePublished\":\"2022-08-31T08:58:03+00:00\",\"dateModified\":\"2022-08-31T09:11:48+00:00\",\"breadcrumb\":{\"@id\":\"https:\/\/stantontaxis.at\/de\/agb\/#breadcrumb\"},\"inLanguage\":\"de\",\"potentialAction\":[{\"@type\":\"ReadAction\",\"target\":[\"https:\/\/stantontaxis.at\/de\/agb\/\"]}]},{\"@type\":\"BreadcrumbList\",\"@id\":\"https:\/\/stantontaxis.at\/de\/agb\/#breadcrumb\",\"itemListElement\":[{\"@type\":\"ListItem\",\"position\":1,\"name\":\"Startseite\",\"item\":\"https:\/\/stantontaxis.at\/de\/\"},{\"@type\":\"ListItem\",\"position\":2,\"name\":\"AGB\"}]},{\"@type\":\"WebSite\",\"@id\":\"https:\/\/stantontaxis.at\/de\/#website\",\"url\":\"https:\/\/stantontaxis.at\/de\/\",\"name\":\"St Anton Taxis - Taxi service St Anton am Arlberg - stantontaxis.at\/de- deutsch\",\"description\":\"\",\"potentialAction\":[{\"@type\":\"SearchAction\",\"target\":{\"@type\":\"EntryPoint\",\"urlTemplate\":\"https:\/\/stantontaxis.at\/de\/?s={search_term_string}\"},\"query-input\":\"required name=search_term_string\"}],\"inLanguage\":\"de\"}]}<\/script>\n<!-- \/ Yoast SEO plugin. -->","yoast_head_json":{"title":"AGB | Taxi St Anton am Arlberg| St Anton taxis | stantontaxis.at","robots":{"index":"noindex","follow":"nofollow"},"og_locale":"de_DE","og_type":"article","og_title":"AGB | Taxi St Anton am Arlberg| St Anton taxis | stantontaxis.at","og_url":"https:\/\/stantontaxis.at\/de\/agb\/","og_site_name":"St Anton Taxis - Taxi service St Anton am Arlberg - stantontaxis.at\/de- deutsch","article_modified_time":"2022-08-31T09:11:48+00:00","twitter_card":"summary_large_image","twitter_misc":{"Gesch\u00e4tzte Lesezeit":"6\u00a0Minuten"},"schema":{"@context":"https:\/\/schema.org","@graph":[{"@type":"WebPage","@id":"https:\/\/stantontaxis.at\/de\/agb\/","url":"https:\/\/stantontaxis.at\/de\/agb\/","name":"AGB | Taxi St Anton am Arlberg| St Anton taxis | stantontaxis.at","isPartOf":{"@id":"https:\/\/stantontaxis.at\/de\/#website"},"datePublished":"2022-08-31T08:58:03+00:00","dateModified":"2022-08-31T09:11:48+00:00","breadcrumb":{"@id":"https:\/\/stantontaxis.at\/de\/agb\/#breadcrumb"},"inLanguage":"de","potentialAction":[{"@type":"ReadAction","target":["https:\/\/stantontaxis.at\/de\/agb\/"]}]},{"@type":"BreadcrumbList","@id":"https:\/\/stantontaxis.at\/de\/agb\/#breadcrumb","itemListElement":[{"@type":"ListItem","position":1,"name":"Startseite","item":"https:\/\/stantontaxis.at\/de\/"},{"@type":"ListItem","position":2,"name":"AGB"}]},{"@type":"WebSite","@id":"https:\/\/stantontaxis.at\/de\/#website","url":"https:\/\/stantontaxis.at\/de\/","name":"St Anton Taxis - Taxi service St Anton am Arlberg - stantontaxis.at\/de- deutsch","description":"","potentialAction":[{"@type":"SearchAction","target":{"@type":"EntryPoint","urlTemplate":"https:\/\/stantontaxis.at\/de\/?s={search_term_string}"},"query-input":"required name=search_term_string"}],"inLanguage":"de"}]}},"_links":{"self":[{"href":"https:\/\/stantontaxis.at\/de\/wp-json\/wp\/v2\/pages\/58","targetHints":{"allow":["GET"]}}],"collection":[{"href":"https:\/\/stantontaxis.at\/de\/wp-json\/wp\/v2\/pages"}],"about":[{"href":"https:\/\/stantontaxis.at\/de\/wp-json\/wp\/v2\/types\/page"}],"author":[{"embeddable":true,"href":"https:\/\/stantontaxis.at\/de\/wp-json\/wp\/v2\/users\/1"}],"replies":[{"embeddable":true,"href":"https:\/\/stantontaxis.at\/de\/wp-json\/wp\/v2\/comments?post=58"}],"version-history":[{"count":2,"href":"https:\/\/stantontaxis.at\/de\/wp-json\/wp\/v2\/pages\/58\/revisions"}],"predecessor-version":[{"id":63,"href":"https:\/\/stantontaxis.at\/de\/wp-json\/wp\/v2\/pages\/58\/revisions\/63"}],"wp:attachment":[{"href":"https:\/\/stantontaxis.at\/de\/wp-json\/wp\/v2\/media?parent=58"}],"curies":[{"name":"wp","href":"https:\/\/api.w.org\/{rel}","templated":true}]}}